{"id":13941,"date":"2020-07-02T07:57:05","date_gmt":"2020-07-02T06:57:05","guid":{"rendered":"https:\/\/go2congo.org\/rdc\/?page_id=13941"},"modified":"2020-07-02T07:59:01","modified_gmt":"2020-07-02T06:59:01","slug":"le-projet-hydroelectrique-dinga-3","status":"publish","type":"page","link":"https:\/\/go2congo.org\/rdc\/le-projet-hydroelectrique-dinga-3\/","title":{"rendered":"Le projet hydro\u00e9lectrique d\u2019Inga 3."},"content":{"rendered":"<div id=\"wp-socials\" style=\"margin-top:20px;margin-bottom:0px;\"><div id=\"wp-socials-general-btn\"><div id=\"wp-socials-plusone\">\r\n                <!-- Place this tag in your head or just before your close body tag. -->\r\n                <script src=\"https:\/\/apis.google.com\/js\/platform.js\" async defer>\r\n                  {lang: 'fr'}\r\n                <\/script>\r\n\r\n                <!-- Place this tag where you want the share button to render. -->\r\n                <div class=\"g-plus\" data-action=\"share\" data-annotation=\"vertical-bubble\" data-height=\"58\" data-size=\"medium\" data-href=\"https:\/\/go2congo.org\/rdc\/le-projet-hydroelectrique-dinga-3\/\"><\/div><\/div><div id=\"wp-socials-fb-like\"><iframe src=\"https:\/\/www.facebook.com\/plugins\/like.php?href=https:\/\/go2congo.org\/rdc\/le-projet-hydroelectrique-dinga-3\/%2F&width=450&layout=button_count&action=like&size=small&show_faces=false&share=true&height=35\" width=\"450\" height=\"35\" style=\"border:none;overflow:hidden\" scrolling=\"no\" frameborder=\"0\" allowTransparency=\"true\"><\/iframe><\/div><div id=\"wp-socials-twitter\"><iframe scrolling=\"no\"\r\n                  src=\"https:\/\/platform.twitter.com\/widgets\/tweet_button.html?size=l&url=https:\/\/go2congo.org\/rdc\/le-projet-hydroelectrique-dinga-3\/&via=&text=Le projet hydro\u00e9lectrique d\u2019Inga 3.\"\r\n                  width=\"140\"\r\n                  height=\"28\"\r\n                  title=\"Twitter Tweet Button\"\r\n                  style=\"border: 0; overflow: hidden;\">\r\n                <\/iframe><\/div><\/div><div style=\"clear:both\"><\/div><\/div>\n<div class=\"wp-block-image\"><figure class=\"aligncenter\"><img src=\"https:\/\/th.bing.com\/th\/id\/OIP.Sforn_1qtvwx-KlGJRYWzAHaE7?w=247&amp;h=180&amp;c=7&amp;o=5&amp;pid=1.7\" alt=\"R\u00e9sultat d\u2019images pour Inga 3\"\/><\/figure><\/div>\n\n\n\n<p>La R\u00e9publique d\u00e9mocratique du Congo (RDC), avec le soutien de la Banque mondiale, propose de d\u00e9velopper le projet d\u2019Inga 3 qui comprend un barrage et une centrale hydro\u00e9lectrique de 4 800 MW situ\u00e9s sur les chutes d\u2019Inga du puissant fleuve Congo. Le barrage hydro\u00e9lectrique d\u2019Inga 3 BC est la premi\u00e8re phase de la construction du\u00a0<a href=\"https:\/\/www.internationalrivers.org\/node\/2296\">projet hydro\u00e9lectrique du Grand Inga<\/a>, situ\u00e9 \u00e0 225 km de Kinshasa et \u00e0 150 km en amont de l&#8217;embouchure du fleuve Congo dans l&#8217;oc\u00e9an Atlantique. Le projet Grand Inga aurait une capacit\u00e9 de production de 40 000 MW et serait d\u00e9velopp\u00e9 en sept phases, en commen\u00e7ant par Inga 3, lui-m\u00eame compos\u00e9 de deux phases. Ses deux \u00e9tapes d\u00e9placeraient environ 35 000 personnes (10 000 pour Inga 3 \u00abBasse Chute\u00bb et 25 000 pour Inga 3 \u00abHaute Chute\u00bb). \u00a0<\/p>\n\n\n\n<p>Le projet de construction du barrage hydro\u00e9lectrique Inga 3 est envisag\u00e9 depuis le d\u00e9but des ann\u00e9es 1950. Depuis lors, les d\u00e9veloppeurs de diff\u00e9rents pays ont exprim\u00e9 leur int\u00e9r\u00eat pour la mise en \u0153uvre du projet notamment des investisseurs et des entreprises fran\u00e7aises, belges, chinoises, br\u00e9siliennes et africaines. En 1972 et 1982, le gouvernement Mobutu de la R\u00e9publique D\u00e9mocratique du Congo, alors appel\u00e9 le Za\u00efre, a construit les centrales hydro\u00e9lectriques d\u2019<a href=\"https:\/\/www.interna\/\">Inga 1 et 2<\/a>, ayant une capacit\u00e9 de production potentielle totale de 2 132MW. Malheureusement, ces deux centrales n&#8217;ont jamais fonctionn\u00e9 \u00e0 pleine capacit\u00e9. En 2013, les barrages n&#8217;ont produit que 40% de leur capacit\u00e9.<\/p>\n\n\n\n<p>\u00c0 la fin de la guerre civile en RDC et de l&#8217;accord de paix de 2003, le pays a relanc\u00e9 ses plans de construction d&#8217;Inga 3. En 2004, le Western Power Corridor (Westcor), un consortium de compagnies nationales de cinq pays d&#8217;Afrique australe et centrale (Angola, Botswana, Namibie, Afrique du Sud et R\u00e9publique d\u00e9mocratique du Congo) ont organis\u00e9 et sign\u00e9 un protocole d&#8217;entente avec le gouvernement de la RDC pour la construction d&#8217;Inga 3, et la distribution de son \u00e9lectricit\u00e9 \u00e0 tous les pays signataires par l&#8217;interm\u00e9diaire du Pool \u00e9nerg\u00e9tique d&#8217;Afrique australe (SAPP).<\/p>\n\n\n\n<p>En 2009, la RDC s&#8217;est retir\u00e9e de Westcor et a tent\u00e9 de faire cavalier seule dans le projet. Son premier pas a \u00e9t\u00e9 de lancer des appels d&#8217;offres pour le d\u00e9veloppement d&#8217;Inga 3 avec des entreprises priv\u00e9es. La soci\u00e9t\u00e9 mini\u00e8re internationale BHP Billiton a remport\u00e9 l&#8217;appel d&#8217;offre, avec sa proposition de d\u00e9velopper Inga 3 ainsi qu&#8217;une fonderie d&#8217;aluminium de 2 000 MW \u00e0 proximit\u00e9 de la centrale hydro\u00e9lectrique. Lorsque BHP Billiton s&#8217;est retir\u00e9 de l&#8217;accord en 2012, la RDC a \u00e0 nouveau regard\u00e9 ailleurs. La Banque mondiale et d&#8217;autres institutions financi\u00e8res sont mont\u00e9es \u00e0 bord en mai 2013, promettant d&#8217;offrir des financements pour Inga 3. Dans le cadre de cet accord, l&#8217;Afrique du Sud s&#8217;est engag\u00e9e \u00e0 acheter 2 500 MW sur les 4 800 MW devant \u00eatre g\u00e9n\u00e9r\u00e9s. Un trait\u00e9 scellant cet accord a \u00e9t\u00e9 conclu en octobre 2013 et ratifi\u00e9 par la RDC en 2014, faisant de l&#8217;Afrique du Sud le principal acheteur de l&#8217;\u00e9lectricit\u00e9 d\u2019Inga 3.<\/p>\n\n\n\n<p>Apr\u00e8s le retrait de BHP Billiton, la RDC a command\u00e9 de nouvelles \u00e9tudes de faisabilit\u00e9 financ\u00e9es par la Banque africaine de d\u00e9veloppement. Ces \u00e9tudes ont recommand\u00e9 une nouvelle conception du barrage, afin que le nouveau projet hydro\u00e9lectrique d\u2019Inga 3 ne bloque pas le cours principal du fleuve, mais le d\u00e9tourne vers la vall\u00e9e de la Bundi par un canal ouvert de 12 km avec un d\u00e9bit moyen de 6 000 m3\/seconde. La d\u00e9rivation serait situ\u00e9e en amont des ouvrages de prise d\u2019eau d\u2019Inga I et 2. A la fin du canal, un barrage de 145 m de haut et une centrale seront construits. Il y aura un petit r\u00e9servoir derri\u00e8re le mur du barrage.<\/p>\n\n\n\n<p>Selon cette conception du projet, le mur du barrage sera dans un premier temps construit avec une hauteur limit\u00e9e (Inga 3 Basse Chute) puis augmenterait lors de la phase suivante, inondant finalement 22 000 hectares de terre ainsi que le canal de d\u00e9rivation original. L&#8217;\u00e9coulement des turbines rejoindra le fleuve Congo \u00e0 environ 30 km en aval des chutes.<\/p>\n\n\n\n<p>Inga 3 devrait co\u00fbter 14 milliards de dollars et g\u00e9n\u00e9rer 4 800MW une fois achev\u00e9. Le Grand Inga lui-m\u00eame pourrait avoir une capacit\u00e9 de 40 000MW &#8211; \u00e9quivalent \u00e0 plus de 20 grandes centrales nucl\u00e9aires. En plus de la construction du barrage et de la centrale hydro\u00e9lectrique d\u2019Inga 3 d&#8217;ici 2022, le projet propose une ligne \u00e9lectrique qui s&#8217;\u00e9tendrait sur plus de 5 000 km jusqu\u2019en Afrique du Sud en passant par la Zambie et la Namibie.<\/p>\n\n\n\n<p>Le d\u00e9veloppement d&#8217;Inga serait mis en \u0153uvre par un partenariat public-priv\u00e9 (PPP). La Banque africaine de d\u00e9veloppement, la Banque mondiale, l&#8217;Agence fran\u00e7aise de d\u00e9veloppement, la Banque europ\u00e9enne d&#8217;investissement et la Banque de d\u00e9veloppement d&#8217;Afrique du Sud ont tous manifest\u00e9 leur int\u00e9r\u00eat pour le financement d&#8217;Inga 3. En d\u00e9cembre 2013, Les \u00c9tats-Unis par l&#8217;interm\u00e9diaire de l\u2019USAID, son agence de d\u00e9veloppement, ont \u00e9galement exprim\u00e9 leur souhait de contribuer au financement d&#8217;Inga 3. \u00c0 l&#8217;heure actuelle, aucun d\u00e9veloppeur n&#8217;a \u00e9t\u00e9 choisi, mais les entreprises chinoises, cor\u00e9ennes et espagnoles seraient en t\u00eate de l&#8217;appel d&#8217;offres lanc\u00e9 par le gouvernement de la RDC.<\/p>\n\n\n\n<p>Le d\u00e9veloppement de ce projet hydro\u00e9lectrique soul\u00e8ve un certain nombre de pr\u00e9occupations. Premi\u00e8rement, la production d&#8217;Inga 3 est principalement destin\u00e9e \u00e0 l&#8217;industrie et n&#8217;am\u00e9liorera pas le niveau d&#8217;acc\u00e8s \u00e0 l&#8217;\u00e9lectricit\u00e9 pour plus de 90% de la population de la RDC qui en est d\u00e9pourvue. Sous les plans actuels, la perspective pour les populations locales de b\u00e9n\u00e9ficier de l\u2019\u00e9nergie d&#8217;Inga dans les 20 ann\u00e9es \u00e0 v\u00e9nir reste incertaine. La majeure partie de l\u2019\u00e9nergie d&#8217;Inga 3 parcourra des milliers de kilom\u00e8tres vers les centres industriels et urbains d\u2019Afrique du Sud, ainsi que vers les grandes mines de la RDC, contournant les Congolais qui ne sont pas desservis par le r\u00e9seau \u00e9lectrique limit\u00e9 du pays.<\/p>\n\n\n\n<p>La R\u00e9publique d\u00e9mocratique du Congo (RDC) a subi des d\u00e9cennies de guerre civile, au cours de laquelle&nbsp;<a href=\"https:\/\/www.internationalrivers.org\/node\/8192\">la corruption s\u2019est enracin\u00e9e dans le tissu socio-\u00e9conomique de la nation<\/a>. A de nombreux \u00e9gards, le pays a acquis une r\u00e9putation d\u2019\u00e9tat d\u00e9faillant. Il est triste de constater que de la m\u00eame mani\u00e8re, Inga 3 pourrait devenir une grande infrastructure de faux id\u00e9aux. Les gens devront \u00eatre d\u00e9plac\u00e9s et les terres agricoles de la vall\u00e9e de la Bundi seront perdues. Le mod\u00e8le de d\u00e9veloppement du projet n\u2019essaye pas de r\u00e9pondre aux attentes de la population. Au contraire, le projet ne fera qu\u2019augmenter le fardeau de la dette nationale, avec de tr\u00e8s fortes chances de favoriser la corruption et de permettre \u00e0 de puissantes entreprises d&#8217;exploiter et d&#8217;exporter \u00e0 bon march\u00e9 les vastes ressources naturelles de l&#8217;Afrique. D\u2019importantes recherches effectu\u00e9es dans le monde entier ont montr\u00e9 que l&#8217;\u00e9lectrification par r\u00e9seau \u00e9lectrique n&#8217;est pas rentable pour une grande partie de l&#8217;Afrique subsaharienne rurale o\u00f9 la densit\u00e9 de population est faible.&nbsp;<a href=\"https:\/\/www.internationalrivers.org\/node\/7610\">Les solutions d&#8217;\u00e9nergie renouvelable telles que les projets \u00e9oliens, solaires et micro-hydro\u00e9lectriques sont beaucoup plus efficaces pour atteindre la population rurale pauvre.<\/a><\/p>\n\n\n\n<p>Le gouvernement de la RDC et les partisans de ce barrage doivent examiner de mani\u00e8re critique leur r\u00f4le dans ce projet, promouvoir la transparence ainsi que le respect des normes internationales requises dans le d\u00e9veloppement de ce type de projets. La transparence, des engagements publics sinc\u00e8res et la mise en \u0153uvre d&#8217;un sc\u00e9nario de d\u00e9veloppement \u00e9nerg\u00e9tique qui r\u00e9ponde aux besoins du pays sont n\u00e9cessaires.<\/p>\n<div id=\"wp-socials\" style=\"margin-top:20px;margin-bottom:0px;\"><div id=\"wp-socials-general-btn\"><div id=\"wp-socials-plusone\">\r\n                <!-- Place this tag in your head or just before your close body tag. -->\r\n                <script src=\"https:\/\/apis.google.com\/js\/platform.js\" async defer>\r\n                  {lang: 'fr'}\r\n                <\/script>\r\n\r\n                <!-- Place this tag where you want the share button to render. -->\r\n                <div class=\"g-plus\" data-action=\"share\" data-annotation=\"vertical-bubble\" data-height=\"58\" data-size=\"medium\" data-href=\"https:\/\/go2congo.org\/rdc\/le-projet-hydroelectrique-dinga-3\/\"><\/div><\/div><div id=\"wp-socials-fb-like\"><iframe src=\"https:\/\/www.facebook.com\/plugins\/like.php?href=https:\/\/go2congo.org\/rdc\/le-projet-hydroelectrique-dinga-3\/%2F&width=450&layout=button_count&action=like&size=small&show_faces=false&share=true&height=35\" width=\"450\" height=\"35\" style=\"border:none;overflow:hidden\" scrolling=\"no\" frameborder=\"0\" allowTransparency=\"true\"><\/iframe><\/div><div id=\"wp-socials-twitter\"><iframe scrolling=\"no\"\r\n                  src=\"https:\/\/platform.twitter.com\/widgets\/tweet_button.html?size=l&url=https:\/\/go2congo.org\/rdc\/le-projet-hydroelectrique-dinga-3\/&via=&text=Le projet hydro\u00e9lectrique d\u2019Inga 3.\"\r\n                  width=\"140\"\r\n                  height=\"28\"\r\n                  title=\"Twitter Tweet Button\"\r\n                  style=\"border: 0; overflow: hidden;\">\r\n                <\/iframe><\/div><\/div><div style=\"clear:both\"><\/div><\/div>","protected":false},"excerpt":{"rendered":"<div id=\"wp-socials\" style=\"margin-top:20px;margin-bottom:0px;\"><div id=\"wp-socials-general-btn\"><div id=\"wp-socials-plusone\">\r\n                <!-- Place this tag in your head or just before your close body tag. -->\r\n                <script src=\"https:\/\/apis.google.com\/js\/platform.js\" async defer>\r\n                  {lang: 'fr'}\r\n                <\/script>\r\n\r\n                <!-- Place this tag where you want the share button to render. -->\r\n                <div class=\"g-plus\" data-action=\"share\" data-annotation=\"vertical-bubble\" data-height=\"58\" data-size=\"medium\" data-href=\"https:\/\/go2congo.org\/rdc\/le-projet-hydroelectrique-dinga-3\/\"><\/div><\/div><div id=\"wp-socials-fb-like\"><iframe src=\"https:\/\/www.facebook.com\/plugins\/like.php?href=https:\/\/go2congo.org\/rdc\/le-projet-hydroelectrique-dinga-3\/%2F&width=450&layout=button_count&action=like&size=small&show_faces=false&share=true&height=35\" width=\"450\" height=\"35\" style=\"border:none;overflow:hidden\" scrolling=\"no\" frameborder=\"0\" allowTransparency=\"true\"><\/iframe><\/div><div id=\"wp-socials-twitter\"><iframe scrolling=\"no\"\r\n                  src=\"https:\/\/platform.twitter.com\/widgets\/tweet_button.html?size=l&url=https:\/\/go2congo.org\/rdc\/le-projet-hydroelectrique-dinga-3\/&via=&text=Le projet hydro\u00e9lectrique d\u2019Inga 3.\"\r\n                  width=\"140\"\r\n                  height=\"28\"\r\n                  title=\"Twitter Tweet Button\"\r\n                  style=\"border: 0; overflow: hidden;\">\r\n                <\/iframe><\/div><\/div><div style=\"clear:both\"><\/div><\/div><p>La R\u00e9publique d\u00e9mocratique du Congo (RDC), avec le soutien de la Banque mondiale, propose de d\u00e9velopper le projet d\u2019Inga 3 qui comprend un barrage et&#8230;<\/p>\n<div id=\"wp-socials\" style=\"margin-top:20px;margin-bottom:0px;\"><div id=\"wp-socials-general-btn\"><div id=\"wp-socials-plusone\">\r\n                <!-- Place this tag in your head or just before your close body tag. -->\r\n                <script src=\"https:\/\/apis.google.com\/js\/platform.js\" async defer>\r\n                  {lang: 'fr'}\r\n                <\/script>\r\n\r\n                <!-- Place this tag where you want the share button to render. -->\r\n                <div class=\"g-plus\" data-action=\"share\" data-annotation=\"vertical-bubble\" data-height=\"58\" data-size=\"medium\" data-href=\"https:\/\/go2congo.org\/rdc\/le-projet-hydroelectrique-dinga-3\/\"><\/div><\/div><div id=\"wp-socials-fb-like\"><iframe src=\"https:\/\/www.facebook.com\/plugins\/like.php?href=https:\/\/go2congo.org\/rdc\/le-projet-hydroelectrique-dinga-3\/%2F&width=450&layout=button_count&action=like&size=small&show_faces=false&share=true&height=35\" width=\"450\" height=\"35\" style=\"border:none;overflow:hidden\" scrolling=\"no\" frameborder=\"0\" allowTransparency=\"true\"><\/iframe><\/div><div id=\"wp-socials-twitter\"><iframe scrolling=\"no\"\r\n                  src=\"https:\/\/platform.twitter.com\/widgets\/tweet_button.html?size=l&url=https:\/\/go2congo.org\/rdc\/le-projet-hydroelectrique-dinga-3\/&via=&text=Le projet hydro\u00e9lectrique d\u2019Inga 3.\"\r\n                  width=\"140\"\r\n                  height=\"28\"\r\n                  title=\"Twitter Tweet Button\"\r\n                  style=\"border: 0; overflow: hidden;\">\r\n                <\/iframe><\/div><\/div><div style=\"clear:both\"><\/div><\/div>","protected":false},"author":2,"featured_media":0,"parent":0,"menu_order":0,"comment_status":"closed","ping_status":"closed","template":"","meta":[],"uagb_featured_image_src":{"full":false,"thumbnail":false,"medium":false,"medium_large":false,"large":false,"1536x1536":false,"2048x2048":false,"grace-mag-thumbnail-one":false,"grace-mag-thumbnail-two":false,"woocommerce_thumbnail":false,"woocommerce_single":false,"woocommerce_gallery_thumbnail":false,"shop_catalog":false,"shop_single":false,"shop_thumbnail":false},"uagb_author_info":{"display_name":"belhabib","author_link":"https:\/\/go2congo.org\/rdc\/author\/nejib\/"},"uagb_comment_info":0,"uagb_excerpt":"La R\u00e9publique d\u00e9mocratique du Congo (RDC), avec le soutien de la Banque mondiale, propose de d\u00e9velopper le projet d\u2019Inga 3 qui comprend un barrage et...","_links":{"self":[{"href":"https:\/\/go2congo.org\/rdc\/wp-json\/wp\/v2\/pages\/13941"}],"collection":[{"href":"https:\/\/go2congo.org\/rdc\/wp-json\/wp\/v2\/pages"}],"about":[{"href":"https:\/\/go2congo.org\/rdc\/wp-json\/wp\/v2\/types\/page"}],"author":[{"embeddable":true,"href":"https:\/\/go2congo.org\/rdc\/wp-json\/wp\/v2\/users\/2"}],"replies":[{"embeddable":true,"href":"https:\/\/go2congo.org\/rdc\/wp-json\/wp\/v2\/comments?post=13941"}],"version-history":[{"count":1,"href":"https:\/\/go2congo.org\/rdc\/wp-json\/wp\/v2\/pages\/13941\/revisions"}],"predecessor-version":[{"id":13942,"href":"https:\/\/go2congo.org\/rdc\/wp-json\/wp\/v2\/pages\/13941\/revisions\/13942"}],"wp:attachment":[{"href":"https:\/\/go2congo.org\/rdc\/wp-json\/wp\/v2\/media?parent=13941"}],"curies":[{"name":"wp","href":"https:\/\/api.w.org\/{rel}","templated":true}]}}