{"id":13944,"date":"2020-07-02T08:50:55","date_gmt":"2020-07-02T07:50:55","guid":{"rendered":"https:\/\/go2congo.org\/rdc\/?page_id=13944"},"modified":"2020-07-02T11:31:22","modified_gmt":"2020-07-02T10:31:22","slug":"rdc-4-milliards-usd-pour-5-zones-agro-industrielles%ef%bb%bf","status":"publish","type":"page","link":"https:\/\/go2congo.org\/rdc\/rdc-4-milliards-usd-pour-5-zones-agro-industrielles%ef%bb%bf\/","title":{"rendered":"RDC : 4 milliards Usd pour 5 zones agro-industrielles\ufeff"},"content":{"rendered":"<div id=\"wp-socials\" style=\"margin-top:20px;margin-bottom:0px;\"><div id=\"wp-socials-general-btn\"><div id=\"wp-socials-plusone\">\r\n                <!-- Place this tag in your head or just before your close body tag. -->\r\n                <script src=\"https:\/\/apis.google.com\/js\/platform.js\" async defer>\r\n                  {lang: 'fr'}\r\n                <\/script>\r\n\r\n                <!-- Place this tag where you want the share button to render. -->\r\n                <div class=\"g-plus\" data-action=\"share\" data-annotation=\"vertical-bubble\" data-height=\"58\" data-size=\"medium\" data-href=\"https:\/\/go2congo.org\/rdc\/rdc-4-milliards-usd-pour-5-zones-agro-industrielles%ef%bb%bf\/\"><\/div><\/div><div id=\"wp-socials-fb-like\"><iframe src=\"https:\/\/www.facebook.com\/plugins\/like.php?href=https:\/\/go2congo.org\/rdc\/rdc-4-milliards-usd-pour-5-zones-agro-industrielles%ef%bb%bf\/%2F&width=450&layout=button_count&action=like&size=small&show_faces=false&share=true&height=35\" width=\"450\" height=\"35\" style=\"border:none;overflow:hidden\" scrolling=\"no\" frameborder=\"0\" allowTransparency=\"true\"><\/iframe><\/div><div id=\"wp-socials-twitter\"><iframe scrolling=\"no\"\r\n                  src=\"https:\/\/platform.twitter.com\/widgets\/tweet_button.html?size=l&url=https:\/\/go2congo.org\/rdc\/rdc-4-milliards-usd-pour-5-zones-agro-industrielles%ef%bb%bf\/&via=&text=RDC : 4 milliards Usd pour 5 zones agro-industrielles\ufeff\"\r\n                  width=\"140\"\r\n                  height=\"28\"\r\n                  title=\"Twitter Tweet Button\"\r\n                  style=\"border: 0; overflow: hidden;\">\r\n                <\/iframe><\/div><\/div><div style=\"clear:both\"><\/div><\/div>[vc_row 0=&#8221;&#8221;][vc_column][vc_column_text 0=&#8221;&#8221;]<p><\/p>\n<p>La superficie de R\u00e9publique D\u00e9mocratique du Congo s&#8217;\u00e9l\u00e8ve \u00e0 2\u00a0344\u00a0860\u00a0km<sup>2<\/sup>, les\u00a0terres arables repr\u00e9sentent plus de 8 millions d&#8217;hectares ; Le Fleuve Congo est le second au monde par son d\u00e9bit\u00a0<strong>(80 832 m3 \/s maximum)<\/strong>\u00a0et le second plus long d&#8217;Afrique apr\u00e8s le Nil.<\/p>\n<p><\/p>\n<p><\/p>\n<p>Le pays n\u2019est pas sujet \u00e0 la\u00a0s\u00e9cheresse, mais est handicap\u00e9 par un syst\u00e8me de transport int\u00e9rieur m\u00e9diocre, qui entrave la mise en place d\u2019un syst\u00e8me national efficace d\u2019approvisionnement alimentaire en milieu urbain.<\/p>\n<p><\/p>\n<p><\/p>\n<p>Ces projets agro-industriels devraient conna\u00eetre la participation de plusieurs op\u00e9rateurs \u00e9conomiques nationaux \u00e9voluant dans le secteur de l\u2019agriculture.<\/p>\n<p><\/p>\n<p><\/p>\n<p>L\u2019objectif est de m\u00e9caniser l\u2019agriculture et d&#8217;utiliser les nouvelles technologies agricoles en milieu rural, de cr\u00e9er des cha\u00eenes de valeur, de cr\u00e9er des emplois, de conduire la RDC vers l\u2019autosuffisance alimentaire, ce qui permettrait la r\u00e9duction sensible des importations alimentaires. On apprend qu\u2019il s\u2019agit du fruit de 4 mois entre experts congolais et ceux de \u00ab Vital Capital \u00bb, \u00e0 l\u2019initiative du Pr\u00e9sident de la R\u00e9publique, plus que jamais d\u00e9termin\u00e9 \u00e0 r\u00e9ussir le pari de la diversification de l\u2019\u00e9conomie nationale par la primaut\u00e9 de l\u2019agriculture sur les mines.<\/p>\n<p><\/p>\n<p><\/p>\n<p>En se penchant sur le secteur agricole congolais, le constat est d\u00e9sastreux : l\u2019absence de syst\u00e8me int\u00e9gr\u00e9, des fermes abandonn\u00e9es ou d\u00e9truites, manque d&#8217;industries agricoles autour des grands centres urbains, pour r\u00e9pondre \u00e0 une demande de plus en plus croissante dans un pays de plus de 80 millions d\u2019habitants.<\/p>\n<p><\/p>\n<p><\/p>\n<p>Face \u00e0 ce constat et pour canaliser les investissements priv\u00e9s internes et externes, le gouvernement a mis en place un programme national\u00a0d\u2019investissement agricole (PNIA) et une strat\u00e9gie bas\u00e9e sur les parcs agro-industriels (PAI), qui devront int\u00e9grer et d\u00e9velopper l\u2019agriculture.<\/p>\n<p><\/p>\n<p><\/p>\n<p>le gouvernement a d\u00e9cid\u00e9 des incitations douani\u00e8res et fiscales exon\u00e9ration\u00a0des taxes sur les intrants agricoles en vue d\u2019attirer des investissements dans le secteur de l\u2019agriculture. Les produits sont exon\u00e9r\u00e9s des droits et taxes \u00e0 l\u2019exportation. Sont \u00e9galement exon\u00e9r\u00e9s, les \u00e9quipements et v\u00e9hicules utilitaires pour l\u2019exploitation agricole. Les redevances honoraires aux postes frontaliers sont r\u00e9duites \u00e0 0,5% et per\u00e7ues \u00e0 un guichet unique. Il existe \u00e9galement un guichet unique pour la cr\u00e9ation des entreprises, dont le d\u00e9lai n\u2019est plus que de trois jours. Pour faciliter la circulation des produits, un programme routier\u00a0reliant les chefs-lieux des provinces est en ex\u00e9cution.<\/p>\n<p><\/p>\n<p><\/p>\n<p><\/p>[\/vc_column_text][\/vc_column][\/vc_row]<div id=\"wp-socials\" style=\"margin-top:20px;margin-bottom:0px;\"><div id=\"wp-socials-general-btn\"><div id=\"wp-socials-plusone\">\r\n                <!-- Place this tag in your head or just before your close body tag. -->\r\n                <script src=\"https:\/\/apis.google.com\/js\/platform.js\" async defer>\r\n                  {lang: 'fr'}\r\n                <\/script>\r\n\r\n                <!-- Place this tag where you want the share button to render. -->\r\n                <div class=\"g-plus\" data-action=\"share\" data-annotation=\"vertical-bubble\" data-height=\"58\" data-size=\"medium\" data-href=\"https:\/\/go2congo.org\/rdc\/rdc-4-milliards-usd-pour-5-zones-agro-industrielles%ef%bb%bf\/\"><\/div><\/div><div id=\"wp-socials-fb-like\"><iframe src=\"https:\/\/www.facebook.com\/plugins\/like.php?href=https:\/\/go2congo.org\/rdc\/rdc-4-milliards-usd-pour-5-zones-agro-industrielles%ef%bb%bf\/%2F&width=450&layout=button_count&action=like&size=small&show_faces=false&share=true&height=35\" width=\"450\" height=\"35\" style=\"border:none;overflow:hidden\" scrolling=\"no\" frameborder=\"0\" allowTransparency=\"true\"><\/iframe><\/div><div id=\"wp-socials-twitter\"><iframe scrolling=\"no\"\r\n                  src=\"https:\/\/platform.twitter.com\/widgets\/tweet_button.html?size=l&url=https:\/\/go2congo.org\/rdc\/rdc-4-milliards-usd-pour-5-zones-agro-industrielles%ef%bb%bf\/&via=&text=RDC : 4 milliards Usd pour 5 zones agro-industrielles\ufeff\"\r\n                  width=\"140\"\r\n                  height=\"28\"\r\n                  title=\"Twitter Tweet Button\"\r\n                  style=\"border: 0; overflow: hidden;\">\r\n                <\/iframe><\/div><\/div><div style=\"clear:both\"><\/div><\/div>","protected":false},"excerpt":{"rendered":"<div id=\"wp-socials\" style=\"margin-top:20px;margin-bottom:0px;\"><div id=\"wp-socials-general-btn\"><div id=\"wp-socials-plusone\">\r\n                <!-- Place this tag in your head or just before your close body tag. -->\r\n                <script src=\"https:\/\/apis.google.com\/js\/platform.js\" async defer>\r\n                  {lang: 'fr'}\r\n                <\/script>\r\n\r\n                <!-- Place this tag where you want the share button to render. -->\r\n                <div class=\"g-plus\" data-action=\"share\" data-annotation=\"vertical-bubble\" data-height=\"58\" data-size=\"medium\" data-href=\"https:\/\/go2congo.org\/rdc\/rdc-4-milliards-usd-pour-5-zones-agro-industrielles%ef%bb%bf\/\"><\/div><\/div><div id=\"wp-socials-fb-like\"><iframe src=\"https:\/\/www.facebook.com\/plugins\/like.php?href=https:\/\/go2congo.org\/rdc\/rdc-4-milliards-usd-pour-5-zones-agro-industrielles%ef%bb%bf\/%2F&width=450&layout=button_count&action=like&size=small&show_faces=false&share=true&height=35\" width=\"450\" height=\"35\" style=\"border:none;overflow:hidden\" scrolling=\"no\" frameborder=\"0\" allowTransparency=\"true\"><\/iframe><\/div><div id=\"wp-socials-twitter\"><iframe scrolling=\"no\"\r\n                  src=\"https:\/\/platform.twitter.com\/widgets\/tweet_button.html?size=l&url=https:\/\/go2congo.org\/rdc\/rdc-4-milliards-usd-pour-5-zones-agro-industrielles%ef%bb%bf\/&via=&text=RDC : 4 milliards Usd pour 5 zones agro-industrielles\ufeff\"\r\n                  width=\"140\"\r\n                  height=\"28\"\r\n                  title=\"Twitter Tweet Button\"\r\n                  style=\"border: 0; overflow: hidden;\">\r\n                <\/iframe><\/div><\/div><div style=\"clear:both\"><\/div><\/div><p>[vc_row 0=&#8221;&#8221;][vc_column][vc_column_text 0=&#8221;&#8221;] La superficie de R\u00e9publique D\u00e9mocratique du Congo s&#8217;\u00e9l\u00e8ve \u00e0 2\u00a0344\u00a0860\u00a0km2, les\u00a0terres arables repr\u00e9sentent plus de 8 millions d&#8217;hectares ; Le Fleuve Congo&#8230;<\/p>\n<div id=\"wp-socials\" style=\"margin-top:20px;margin-bottom:0px;\"><div id=\"wp-socials-general-btn\"><div id=\"wp-socials-plusone\">\r\n                <!-- Place this tag in your head or just before your close body tag. -->\r\n                <script src=\"https:\/\/apis.google.com\/js\/platform.js\" async defer>\r\n                  {lang: 'fr'}\r\n                <\/script>\r\n\r\n                <!-- Place this tag where you want the share button to render. -->\r\n                <div class=\"g-plus\" data-action=\"share\" data-annotation=\"vertical-bubble\" data-height=\"58\" data-size=\"medium\" data-href=\"https:\/\/go2congo.org\/rdc\/rdc-4-milliards-usd-pour-5-zones-agro-industrielles%ef%bb%bf\/\"><\/div><\/div><div id=\"wp-socials-fb-like\"><iframe src=\"https:\/\/www.facebook.com\/plugins\/like.php?href=https:\/\/go2congo.org\/rdc\/rdc-4-milliards-usd-pour-5-zones-agro-industrielles%ef%bb%bf\/%2F&width=450&layout=button_count&action=like&size=small&show_faces=false&share=true&height=35\" width=\"450\" height=\"35\" style=\"border:none;overflow:hidden\" scrolling=\"no\" frameborder=\"0\" allowTransparency=\"true\"><\/iframe><\/div><div id=\"wp-socials-twitter\"><iframe scrolling=\"no\"\r\n                  src=\"https:\/\/platform.twitter.com\/widgets\/tweet_button.html?size=l&url=https:\/\/go2congo.org\/rdc\/rdc-4-milliards-usd-pour-5-zones-agro-industrielles%ef%bb%bf\/&via=&text=RDC : 4 milliards Usd pour 5 zones agro-industrielles\ufeff\"\r\n                  width=\"140\"\r\n                  height=\"28\"\r\n                  title=\"Twitter Tweet Button\"\r\n                  style=\"border: 0; overflow: hidden;\">\r\n                <\/iframe><\/div><\/div><div style=\"clear:both\"><\/div><\/div>","protected":false},"author":2,"featured_media":0,"parent":0,"menu_order":0,"comment_status":"closed","ping_status":"closed","template":"","meta":[],"uagb_featured_image_src":{"full":false,"thumbnail":false,"medium":false,"medium_large":false,"large":false,"1536x1536":false,"2048x2048":false,"grace-mag-thumbnail-one":false,"grace-mag-thumbnail-two":false,"woocommerce_thumbnail":false,"woocommerce_single":false,"woocommerce_gallery_thumbnail":false,"shop_catalog":false,"shop_single":false,"shop_thumbnail":false},"uagb_author_info":{"display_name":"belhabib","author_link":"https:\/\/go2congo.org\/rdc\/author\/nejib\/"},"uagb_comment_info":0,"uagb_excerpt":"[vc_row 0=&#8221;&#8221;][vc_column][vc_column_text 0=&#8221;&#8221;] La superficie de R\u00e9publique D\u00e9mocratique du Congo s&#8217;\u00e9l\u00e8ve \u00e0 2\u00a0344\u00a0860\u00a0km2, les\u00a0terres arables repr\u00e9sentent plus de 8 millions d&#8217;hectares ; Le Fleuve Congo...","_links":{"self":[{"href":"https:\/\/go2congo.org\/rdc\/wp-json\/wp\/v2\/pages\/13944"}],"collection":[{"href":"https:\/\/go2congo.org\/rdc\/wp-json\/wp\/v2\/pages"}],"about":[{"href":"https:\/\/go2congo.org\/rdc\/wp-json\/wp\/v2\/types\/page"}],"author":[{"embeddable":true,"href":"https:\/\/go2congo.org\/rdc\/wp-json\/wp\/v2\/users\/2"}],"replies":[{"embeddable":true,"href":"https:\/\/go2congo.org\/rdc\/wp-json\/wp\/v2\/comments?post=13944"}],"version-history":[{"count":2,"href":"https:\/\/go2congo.org\/rdc\/wp-json\/wp\/v2\/pages\/13944\/revisions"}],"predecessor-version":[{"id":13959,"href":"https:\/\/go2congo.org\/rdc\/wp-json\/wp\/v2\/pages\/13944\/revisions\/13959"}],"wp:attachment":[{"href":"https:\/\/go2congo.org\/rdc\/wp-json\/wp\/v2\/media?parent=13944"}],"curies":[{"name":"wp","href":"https:\/\/api.w.org\/{rel}","templated":true}]}}